{"id":10319,"date":"2026-04-23T09:36:21","date_gmt":"2026-04-23T08:36:21","guid":{"rendered":"https:\/\/stagezone.hu\/?post_type=product&#038;p=10319"},"modified":"2026-05-04T19:50:04","modified_gmt":"2026-05-04T18:50:04","slug":"magicfx-baseplate-i","status":"publish","type":"product","link":"https:\/\/stagezone.hu\/en\/product\/magicfx-baseplate-i\/","title":{"rendered":"MagicFX Baseplate I"},"content":{"rendered":"<p><strong>MagicFX Baseplate I<\/strong><\/p>\n<p>The MagicFX Baseplate I is a sturdy baseplate used for mounting various MagicFX devices in different configurations.<\/p>\n<p>Possible mounting options:<\/p>\n<ul>\n<li>CO2 Jet I: 1 pc<\/li>\n<li>Powershot I: 4 pcs<\/li>\n<li><a href=\"https:\/\/stagezone.hu\/termek\/magic-fx-powershot-ii\/\">Powershot II<\/a>: 4 pcs<\/li>\n<\/ul>\n<p>MAGIC FX is a leading Dutch-based special effects (SFX) <a href=\"https:\/\/magicfx.com\/\">brand<\/a> founded in 1995. Its main activity is designing and manufacturing high-quality, safe, and innovative equipment, such as confetti, CO\u2082, flame, and smoke machines for festivals, clubs, and large-scale concerts. The brand is known for its premium engineering solutions and sustainability efforts, including biodegradable confetti and environmentally friendly machines.<\/p>\n","protected":false},"excerpt":{"rendered":"<p>The MagicFX Baseplate I is a robust mounting plate for various MagicFX devices like CO2 Jet I, Powershot I, and Powershot II.<\/p>\n","protected":false},"featured_media":10323,"comment_status":"open","ping_status":"closed","template":"","meta":[],"product_brand":[],"product_cat":[450,178,533],"product_tag":[319,298,571],"class_list":{"0":"post-10319","1":"product","2":"type-product","3":"status-publish","4":"has-post-thumbnail","6":"product_cat-co2","7":"product_cat-effekt","8":"product_cat-konfetti-gepek","9":"product_tag-co2jet","10":"product_tag-magic-fx","11":"product_tag-powershot","13":"first","14":"contact_us","15":"taxable","16":"shipping-taxable","17":"purchasable","18":"product-type-simple"},"yoast_head":"<!-- This site is optimized with the Yoast SEO Premium plugin v27.2 (Yoast SEO v27.2) - https:\/\/yoast.com\/product\/yoast-seo-premium-wordpress\/ -->\n<title>MagicFX Baseplate I<\/title>\n<meta name=\"description\" content=\"The MagicFX Baseplate I is a robust mounting plate for various MagicFX devices like CO2 Jet I, Powershot I, and Powershot II.\" \/>\n<meta name=\"robots\" content=\"index, follow, max-snippet:-1, max-image-preview:large, max-video-preview:-1\" \/>\n<link rel=\"canonical\" href=\"http:\/\/The%20MagicFX%20Baseplate%20I%20is%20a%20robust%20mounting%20plate%20for%20various%20MagicFX%20devices%20like%20CO2%20Jet%20I,%20Powershot%20I,%20and%20Powershot%20II.\" \/>\n<meta property=\"og:locale\" content=\"en_US\" \/>\n<meta property=\"og:type\" content=\"article\" \/>\n<meta property=\"og:title\" content=\"MagicFX Baseplate I\" \/>\n<meta property=\"og:description\" content=\"The MagicFX Baseplate I is a robust mounting plate for various MagicFX devices like CO2 Jet I, Powershot I, and Powershot II.\" \/>\n<meta property=\"og:url\" content=\"https:\/\/stagezone.hu\/en\/product\/magicfx-baseplate-i\/\" \/>\n<meta property=\"og:site_name\" content=\"StageZone\" \/>\n<meta property=\"article:publisher\" content=\"https:\/\/www.facebook.com\/stagezonehungary\/\" \/>\n<meta property=\"article:modified_time\" content=\"2026-05-04T18:50:04+00:00\" \/>\n<meta property=\"og:image\" content=\"https:\/\/stagezone.hu\/wp-content\/uploads\/2026\/04\/Adam-Hall_1000x1000.png\" \/>\n\t<meta property=\"og:image:width\" content=\"1000\" \/>\n\t<meta property=\"og:image:height\" content=\"1000\" \/>\n\t<meta property=\"og:image:type\" content=\"image\/png\" \/>\n<meta name=\"twitter:card\" content=\"summary_large_image\" \/>\n<meta name=\"twitter:label1\" content=\"Est. reading time\" \/>\n\t<meta name=\"twitter:data1\" content=\"1 minute\" \/>\n<script type=\"application\/ld+json\" class=\"yoast-schema-graph\">{\"@context\":\"https:\/\/schema.org\",\"@graph\":[{\"@type\":\"WebPage\",\"@id\":\"https:\/\/stagezone.hu\/en\/product\/magicfx-baseplate-i\/\",\"url\":\"https:\/\/stagezone.hu\/en\/product\/magicfx-baseplate-i\/\",\"name\":\"MagicFX Baseplate I - StageZone\",\"isPartOf\":{\"@id\":\"https:\/\/stagezone.hu\/#website\"},\"primaryImageOfPage\":{\"@id\":\"https:\/\/stagezone.hu\/en\/product\/magicfx-baseplate-i\/#primaryimage\"},\"image\":{\"@id\":\"https:\/\/stagezone.hu\/en\/product\/magicfx-baseplate-i\/#primaryimage\"},\"thumbnailUrl\":\"https:\/\/stagezone.hu\/wp-content\/uploads\/2026\/04\/Adam-Hall_1000x1000.png\",\"datePublished\":\"2026-04-23T08:36:21+00:00\",\"dateModified\":\"2026-05-04T18:50:04+00:00\",\"description\":\"MagicFX Baseplate I POWERSHOT I \u00e9s POWERSHOT II konfetti els\u00fct\u0151eszk\u00f6zh\u00f6z. A massz\u00edv, ac\u00e9lb\u00f3l v\u00e1gott lemez biztos alapot ad a haszn\u00e1latra.\",\"breadcrumb\":{\"@id\":\"https:\/\/stagezone.hu\/en\/product\/magicfx-baseplate-i\/#breadcrumb\"},\"inLanguage\":\"en-US\",\"potentialAction\":[{\"@type\":\"ReadAction\",\"target\":[\"https:\/\/stagezone.hu\/en\/product\/magicfx-baseplate-i\/\"]}]},{\"@type\":\"ImageObject\",\"inLanguage\":\"en-US\",\"@id\":\"https:\/\/stagezone.hu\/en\/product\/magicfx-baseplate-i\/#primaryimage\",\"url\":\"https:\/\/stagezone.hu\/wp-content\/uploads\/2026\/04\/Adam-Hall_1000x1000.png\",\"contentUrl\":\"https:\/\/stagezone.hu\/wp-content\/uploads\/2026\/04\/Adam-Hall_1000x1000.png\",\"width\":1000,\"height\":1000,\"caption\":\"MagicFX Baseplate I\"},{\"@type\":\"BreadcrumbList\",\"@id\":\"https:\/\/stagezone.hu\/en\/product\/magicfx-baseplate-i\/#breadcrumb\",\"itemListElement\":[{\"@type\":\"ListItem\",\"position\":1,\"name\":\"Kezd\u0151lap\",\"item\":\"https:\/\/stagezone.hu\/\"},{\"@type\":\"ListItem\",\"position\":2,\"name\":\"\u00dczlet\",\"item\":\"https:\/\/stagezone.hu\/uzlet\/\"},{\"@type\":\"ListItem\",\"position\":3,\"name\":\"MagicFX Baseplate I\"}]},{\"@type\":\"WebSite\",\"@id\":\"https:\/\/stagezone.hu\/en\/#website\",\"url\":\"https:\/\/stagezone.hu\/en\/\",\"name\":\"StageZone - Ragyogj a Stagezone min\u0151s\u00e9gi f\u00e9nytechnik\u00e1j\u00e1val.\",\"description\":\"StageZone\",\"publisher\":{\"@id\":\"https:\/\/stagezone.hu\/en\/#organization\"},\"potentialAction\":[{\"@type\":\"SearchAction\",\"target\":{\"@type\":\"EntryPoint\",\"urlTemplate\":\"https:\/\/stagezone.hu\/en\/?s={search_term_string}\"},\"query-input\":{\"@type\":\"PropertyValueSpecification\",\"valueRequired\":true,\"valueName\":\"search_term_string\"}}],\"inLanguage\":\"en-US\"},{\"@type\":\"Organization\",\"@id\":\"https:\/\/stagezone.hu\/en\/#organization\",\"name\":\"StageZone\",\"url\":\"https:\/\/stagezone.hu\/en\/\",\"logo\":{\"@type\":\"ImageObject\",\"inLanguage\":\"en-US\",\"@id\":\"https:\/\/stagezone.hu\/en\/#\/schema\/logo\/image\/\",\"url\":\"https:\/\/stagezone.hu\/wp-content\/uploads\/2026\/01\/Adam-Hall_1000x1000-1-1.png\",\"contentUrl\":\"https:\/\/stagezone.hu\/wp-content\/uploads\/2026\/01\/Adam-Hall_1000x1000-1-1.png\",\"width\":1000,\"height\":1000,\"caption\":\"StageZone\"},\"image\":{\"@id\":\"https:\/\/stagezone.hu\/en\/#\/schema\/logo\/image\/\"},\"sameAs\":[\"https:\/\/www.facebook.com\/stagezonehungary\/\",\"https:\/\/www.instagram.com\/stagezonehungary\/\"]}]}<\/script>\n<!-- \/ Yoast SEO Premium plugin. -->","yoast_head_json":{"title":"MagicFX Baseplate I","description":"The MagicFX Baseplate I is a robust mounting plate for various MagicFX devices like CO2 Jet I, Powershot I, and Powershot II.","robots":{"index":"index","follow":"follow","max-snippet":"max-snippet:-1","max-image-preview":"max-image-preview:large","max-video-preview":"max-video-preview:-1"},"canonical":"The MagicFX Baseplate I is a robust mounting plate for various MagicFX devices like CO2 Jet I, Powershot I, and Powershot II.","og_locale":"en_US","og_type":"article","og_title":"MagicFX Baseplate I","og_description":"The MagicFX Baseplate I is a robust mounting plate for various MagicFX devices like CO2 Jet I, Powershot I, and Powershot II.","og_url":"https:\/\/stagezone.hu\/en\/product\/magicfx-baseplate-i\/","og_site_name":"StageZone","article_publisher":"https:\/\/www.facebook.com\/stagezonehungary\/","article_modified_time":"2026-05-04T18:50:04+00:00","og_image":[{"width":1000,"height":1000,"url":"https:\/\/stagezone.hu\/wp-content\/uploads\/2026\/04\/Adam-Hall_1000x1000.png","type":"image\/png"}],"twitter_card":"summary_large_image","twitter_misc":{"Est. reading time":"1 minute"},"schema":{"@context":"https:\/\/schema.org","@graph":[{"@type":"WebPage","@id":"https:\/\/stagezone.hu\/en\/product\/magicfx-baseplate-i\/","url":"https:\/\/stagezone.hu\/en\/product\/magicfx-baseplate-i\/","name":"MagicFX Baseplate I - StageZone","isPartOf":{"@id":"https:\/\/stagezone.hu\/#website"},"primaryImageOfPage":{"@id":"https:\/\/stagezone.hu\/en\/product\/magicfx-baseplate-i\/#primaryimage"},"image":{"@id":"https:\/\/stagezone.hu\/en\/product\/magicfx-baseplate-i\/#primaryimage"},"thumbnailUrl":"https:\/\/stagezone.hu\/wp-content\/uploads\/2026\/04\/Adam-Hall_1000x1000.png","datePublished":"2026-04-23T08:36:21+00:00","dateModified":"2026-05-04T18:50:04+00:00","description":"MagicFX Baseplate I POWERSHOT I \u00e9s POWERSHOT II konfetti els\u00fct\u0151eszk\u00f6zh\u00f6z. A massz\u00edv, ac\u00e9lb\u00f3l v\u00e1gott lemez biztos alapot ad a haszn\u00e1latra.","breadcrumb":{"@id":"https:\/\/stagezone.hu\/en\/product\/magicfx-baseplate-i\/#breadcrumb"},"inLanguage":"en-US","potentialAction":[{"@type":"ReadAction","target":["https:\/\/stagezone.hu\/en\/product\/magicfx-baseplate-i\/"]}]},{"@type":"ImageObject","inLanguage":"en-US","@id":"https:\/\/stagezone.hu\/en\/product\/magicfx-baseplate-i\/#primaryimage","url":"https:\/\/stagezone.hu\/wp-content\/uploads\/2026\/04\/Adam-Hall_1000x1000.png","contentUrl":"https:\/\/stagezone.hu\/wp-content\/uploads\/2026\/04\/Adam-Hall_1000x1000.png","width":1000,"height":1000,"caption":"MagicFX Baseplate I"},{"@type":"BreadcrumbList","@id":"https:\/\/stagezone.hu\/en\/product\/magicfx-baseplate-i\/#breadcrumb","itemListElement":[{"@type":"ListItem","position":1,"name":"Kezd\u0151lap","item":"https:\/\/stagezone.hu\/"},{"@type":"ListItem","position":2,"name":"\u00dczlet","item":"https:\/\/stagezone.hu\/uzlet\/"},{"@type":"ListItem","position":3,"name":"MagicFX Baseplate I"}]},{"@type":"WebSite","@id":"https:\/\/stagezone.hu\/en\/#website","url":"https:\/\/stagezone.hu\/en\/","name":"StageZone - Ragyogj a Stagezone min\u0151s\u00e9gi f\u00e9nytechnik\u00e1j\u00e1val.","description":"StageZone","publisher":{"@id":"https:\/\/stagezone.hu\/en\/#organization"},"potentialAction":[{"@type":"SearchAction","target":{"@type":"EntryPoint","urlTemplate":"https:\/\/stagezone.hu\/en\/?s={search_term_string}"},"query-input":{"@type":"PropertyValueSpecification","valueRequired":true,"valueName":"search_term_string"}}],"inLanguage":"en-US"},{"@type":"Organization","@id":"https:\/\/stagezone.hu\/en\/#organization","name":"StageZone","url":"https:\/\/stagezone.hu\/en\/","logo":{"@type":"ImageObject","inLanguage":"en-US","@id":"https:\/\/stagezone.hu\/en\/#\/schema\/logo\/image\/","url":"https:\/\/stagezone.hu\/wp-content\/uploads\/2026\/01\/Adam-Hall_1000x1000-1-1.png","contentUrl":"https:\/\/stagezone.hu\/wp-content\/uploads\/2026\/01\/Adam-Hall_1000x1000-1-1.png","width":1000,"height":1000,"caption":"StageZone"},"image":{"@id":"https:\/\/stagezone.hu\/en\/#\/schema\/logo\/image\/"},"sameAs":["https:\/\/www.facebook.com\/stagezonehungary\/","https:\/\/www.instagram.com\/stagezonehungary\/"]}]}},"_links":{"self":[{"href":"https:\/\/stagezone.hu\/en\/wp-json\/wp\/v2\/product\/10319","targetHints":{"allow":["GET"]}}],"collection":[{"href":"https:\/\/stagezone.hu\/en\/wp-json\/wp\/v2\/product"}],"about":[{"href":"https:\/\/stagezone.hu\/en\/wp-json\/wp\/v2\/types\/product"}],"replies":[{"embeddable":true,"href":"https:\/\/stagezone.hu\/en\/wp-json\/wp\/v2\/comments?post=10319"}],"version-history":[{"count":1,"href":"https:\/\/stagezone.hu\/en\/wp-json\/wp\/v2\/product\/10319\/revisions"}],"predecessor-version":[{"id":10320,"href":"https:\/\/stagezone.hu\/en\/wp-json\/wp\/v2\/product\/10319\/revisions\/10320"}],"wp:featuredmedia":[{"embeddable":true,"href":"https:\/\/stagezone.hu\/en\/wp-json\/wp\/v2\/media\/10323"}],"wp:attachment":[{"href":"https:\/\/stagezone.hu\/en\/wp-json\/wp\/v2\/media?parent=10319"}],"wp:term":[{"taxonomy":"product_brand","embeddable":true,"href":"https:\/\/stagezone.hu\/en\/wp-json\/wp\/v2\/product_brand?post=10319"},{"taxonomy":"product_cat","embeddable":true,"href":"https:\/\/stagezone.hu\/en\/wp-json\/wp\/v2\/product_cat?post=10319"},{"taxonomy":"product_tag","embeddable":true,"href":"https:\/\/stagezone.hu\/en\/wp-json\/wp\/v2\/product_tag?post=10319"}],"curies":[{"name":"wp","href":"https:\/\/api.w.org\/{rel}","templated":true}]}}