{"id":1012,"date":"2024-05-14T22:32:34","date_gmt":"2024-05-14T22:32:34","guid":{"rendered":"https:\/\/stagezone.hu\/?post_type=product&#038;p=1012"},"modified":"2026-05-07T11:36:19","modified_gmt":"2026-05-07T10:36:19","slug":"stagezone-200w-strobe","status":"publish","type":"product","link":"https:\/\/stagezone.hu\/en\/product\/shehds-led-strobe-200w-rgb-segment-strobe\/","title":{"rendered":"SHEHDS Led Strobe 200W RGB Segment Strobe"},"content":{"rendered":"<p><strong>SHEHDS Led Strobe 200 &#8211; RGB Segment Strobe Light<\/strong><\/p>\n<p>The SHEHDS Led Strobe 200 features an aluminum housing and a lightweight construction. With appropriate control, the LED panel can create effects divided into 2, 4, or even 8 individual segments.<\/p>\n<ul>\n<li>Power Supply: AC 100-240 V, 50\/60 Hz<\/li>\n<li>Power Consumption: 200W<\/li>\n<li>960 SMD LEDs<\/li>\n<li>DMX Channels: 3\/9\/24 CH<\/li>\n<li>Strobe Speed: 0-30 Hz<\/li>\n<li>Connectors: Powercon, DMX 3 pin<\/li>\n<li>Cooling: Active cooling &#8211; silent fan<\/li>\n<li>IP Rating: IP20<\/li>\n<li>Control Modes: DMX 512\/RDM\/Auto\/Sound<\/li>\n<\/ul>\n<p>SHEHDS is a company founded in 2015 specializing in stage lighting equipment. Their products offer reliable quality and material usage, suitable for various applications. They hold safety certifications including CE, ROHS, UL, FCC, TP, TC, SAA, and others. The brand has become a trusted name in the lighting industry.<\/p>\n<blockquote class=\"tiktok-embed\" cite=\"https:\/\/www.tiktok.com\/@stagezone.hu\/video\/7504692168070548758\" data-video-id=\"7504692168070548758\" data-embed-from=\"oembed\" style=\"max-width:605px; min-width:325px;\">\n<section> <a target=\"_blank\" title=\"@stagezone.hu\" href=\"https:\/\/www.tiktok.com\/@stagezone.hu?refer=embed\">@stagezone.hu<\/a> <\/p>\n<p>A t\u00f6bbszegmenses strob\u00f3szk\u00f3p rengeteg lehet\u0151s\u00e9get k\u00edn\u00e1l az install\u00e1ci\u00f3kban. A Strobe funkci\u00f3ja mellett l\u00e1tv\u00e1nyelemk\u00e9nt is lehet haszn\u00e1lni\ud83d\udd25 <a title=\"stagezone\" target=\"_blank\" href=\"https:\/\/www.tiktok.com\/tag\/stagezone?refer=embed\">#stagezone<\/a> <a title=\"strobe\" target=\"_blank\" href=\"https:\/\/www.tiktok.com\/tag\/strobe?refer=embed\">#strobe<\/a> <a title=\"led\" target=\"_blank\" href=\"https:\/\/www.tiktok.com\/tag\/led?refer=embed\">#led<\/a> <a title=\"fenytechnika\" target=\"_blank\" href=\"https:\/\/www.tiktok.com\/tag\/fenytechnika?refer=embed\">#fenytechnika<\/a> <a title=\"budapest\" target=\"_blank\" href=\"https:\/\/www.tiktok.com\/tag\/budapest?refer=embed\">#budapest<\/a> <a title=\"wolfmix\" target=\"_blank\" href=\"https:\/\/www.tiktok.com\/tag\/wolfmix?refer=embed\">#wolfmix<\/a> <a title=\"fyp\" target=\"_blank\" href=\"https:\/\/www.tiktok.com\/tag\/fyp?refer=embed\">#fyp<\/a> <\/p>\n<p> <a target=\"_blank\" title=\"\u266c Vlog \u30fb Stylish city pop(1275391) - orino\" href=\"https:\/\/www.tiktok.com\/music\/Vlog---Stylish-city-pop-1275391-7200478944389564418?refer=embed\">\u266c Vlog \u30fb Stylish city pop(1275391) &#8211; orino<\/a> <\/section>\n<\/blockquote>\n<p> <script async src=\"https:\/\/www.tiktok.com\/embed.js\"><\/script><\/p>\n","protected":false},"excerpt":{"rendered":"<p>This is the SHEHDS Led Strobe 200, an RGB segmented strobe light with 960 SMD LEDs and active cooling.<\/p>\n","protected":false},"featured_media":5464,"comment_status":"closed","ping_status":"closed","template":"","meta":[],"product_brand":[],"product_cat":[159,177],"product_tag":[193,479],"class_list":{"0":"post-1012","1":"product","2":"type-product","3":"status-publish","4":"has-post-thumbnail","6":"product_cat-statikus-fenyeffekt","7":"product_cat-stroboszkop","8":"product_tag-led","9":"product_tag-strobe","11":"first","12":"outofstock","13":"taxable","14":"shipping-taxable","15":"purchasable","16":"product-type-simple"},"yoast_head":"<!-- This site is optimized with the Yoast SEO Premium plugin v27.2 (Yoast SEO v27.2) - https:\/\/yoast.com\/product\/yoast-seo-premium-wordpress\/ -->\n<title>SHEHDS Led Strobe 200W RGB Segment Strobe<\/title>\n<meta name=\"description\" content=\"This is the SHEHDS Led Strobe 200, an RGB segmented strobe light with 960 SMD LEDs and active cooling.\" \/>\n<meta name=\"robots\" content=\"index, follow, max-snippet:-1, max-image-preview:large, max-video-preview:-1\" \/>\n<link rel=\"canonical\" href=\"http:\/\/This%20is%20the%20SHEHDS%20Led%20Strobe%20200,%20an%20RGB%20segmented%20strobe%20light%20with%20960%20SMD%20LEDs%20and%20active%20cooling.\" \/>\n<meta property=\"og:locale\" content=\"en_US\" \/>\n<meta property=\"og:type\" content=\"article\" \/>\n<meta property=\"og:title\" content=\"SHEHDS Led Strobe 200W RGB Segment Strobe\" \/>\n<meta property=\"og:description\" content=\"This is the SHEHDS Led Strobe 200, an RGB segmented strobe light with 960 SMD LEDs and active cooling.\" \/>\n<meta property=\"og:url\" content=\"https:\/\/stagezone.hu\/en\/product\/shehds-led-strobe-200w-rgb-segment-strobe\/\" \/>\n<meta property=\"og:site_name\" content=\"StageZone\" \/>\n<meta property=\"article:publisher\" content=\"https:\/\/www.facebook.com\/stagezonehungary\/\" \/>\n<meta property=\"article:modified_time\" content=\"2026-05-07T10:36:19+00:00\" \/>\n<meta property=\"og:image\" content=\"https:\/\/stagezone.hu\/wp-content\/uploads\/2024\/05\/1-18.jpg\" \/>\n\t<meta property=\"og:image:width\" content=\"1000\" \/>\n\t<meta property=\"og:image:height\" content=\"1000\" \/>\n\t<meta property=\"og:image:type\" content=\"image\/jpeg\" \/>\n<meta name=\"twitter:card\" content=\"summary_large_image\" \/>\n<meta name=\"twitter:label1\" content=\"Est. reading time\" \/>\n\t<meta name=\"twitter:data1\" content=\"1 minute\" \/>\n<script type=\"application\/ld+json\" class=\"yoast-schema-graph\">{\"@context\":\"https:\/\/schema.org\",\"@graph\":[{\"@type\":\"WebPage\",\"@id\":\"https:\/\/stagezone.hu\/en\/product\/shehds-led-strobe-200w-rgb-segment-strobe\/\",\"url\":\"https:\/\/stagezone.hu\/en\/product\/shehds-led-strobe-200w-rgb-segment-strobe\/\",\"name\":\"SHEHDS Led Strobe 200 - StageZone\",\"isPartOf\":{\"@id\":\"https:\/\/stagezone.hu\/#website\"},\"primaryImageOfPage\":{\"@id\":\"https:\/\/stagezone.hu\/en\/product\/shehds-led-strobe-200w-rgb-segment-strobe\/#primaryimage\"},\"image\":{\"@id\":\"https:\/\/stagezone.hu\/en\/product\/shehds-led-strobe-200w-rgb-segment-strobe\/#primaryimage\"},\"thumbnailUrl\":\"https:\/\/stagezone.hu\/wp-content\/uploads\/2024\/05\/1-18.jpg\",\"datePublished\":\"2024-05-14T22:32:34+00:00\",\"dateModified\":\"2026-05-07T10:36:19+00:00\",\"description\":\"SHEHDS Led Strobe 200 t\u00f6bb szegmenses stroboszk\u00f3p RGB ledekkel, alum\u00ednium h\u00e1zzal, akt\u00edv h\u0171t\u00e9ssel \u00e9s 200W \u00f6sszeteljes\u00edtm\u00e9nnyel.\",\"breadcrumb\":{\"@id\":\"https:\/\/stagezone.hu\/en\/product\/shehds-led-strobe-200w-rgb-segment-strobe\/#breadcrumb\"},\"inLanguage\":\"en-US\",\"potentialAction\":[{\"@type\":\"ReadAction\",\"target\":[\"https:\/\/stagezone.hu\/en\/product\/shehds-led-strobe-200w-rgb-segment-strobe\/\"]}]},{\"@type\":\"ImageObject\",\"inLanguage\":\"en-US\",\"@id\":\"https:\/\/stagezone.hu\/en\/product\/shehds-led-strobe-200w-rgb-segment-strobe\/#primaryimage\",\"url\":\"https:\/\/stagezone.hu\/wp-content\/uploads\/2024\/05\/1-18.jpg\",\"contentUrl\":\"https:\/\/stagezone.hu\/wp-content\/uploads\/2024\/05\/1-18.jpg\",\"width\":1000,\"height\":1000,\"caption\":\"SHEHDS Led Strobe 200\"},{\"@type\":\"BreadcrumbList\",\"@id\":\"https:\/\/stagezone.hu\/en\/product\/shehds-led-strobe-200w-rgb-segment-strobe\/#breadcrumb\",\"itemListElement\":[{\"@type\":\"ListItem\",\"position\":1,\"name\":\"Kezd\u0151lap\",\"item\":\"https:\/\/stagezone.hu\/\"},{\"@type\":\"ListItem\",\"position\":2,\"name\":\"\u00dczlet\",\"item\":\"https:\/\/stagezone.hu\/uzlet\/\"},{\"@type\":\"ListItem\",\"position\":3,\"name\":\"SHEHDS Led Strobe 200W RGB Segment Strobe\"}]},{\"@type\":\"WebSite\",\"@id\":\"https:\/\/stagezone.hu\/en\/#website\",\"url\":\"https:\/\/stagezone.hu\/en\/\",\"name\":\"StageZone - Ragyogj a Stagezone min\u0151s\u00e9gi f\u00e9nytechnik\u00e1j\u00e1val.\",\"description\":\"StageZone\",\"publisher\":{\"@id\":\"https:\/\/stagezone.hu\/en\/#organization\"},\"potentialAction\":[{\"@type\":\"SearchAction\",\"target\":{\"@type\":\"EntryPoint\",\"urlTemplate\":\"https:\/\/stagezone.hu\/en\/?s={search_term_string}\"},\"query-input\":{\"@type\":\"PropertyValueSpecification\",\"valueRequired\":true,\"valueName\":\"search_term_string\"}}],\"inLanguage\":\"en-US\"},{\"@type\":\"Organization\",\"@id\":\"https:\/\/stagezone.hu\/en\/#organization\",\"name\":\"StageZone\",\"url\":\"https:\/\/stagezone.hu\/en\/\",\"logo\":{\"@type\":\"ImageObject\",\"inLanguage\":\"en-US\",\"@id\":\"https:\/\/stagezone.hu\/en\/#\/schema\/logo\/image\/\",\"url\":\"https:\/\/stagezone.hu\/wp-content\/uploads\/2026\/01\/Adam-Hall_1000x1000-1-1.png\",\"contentUrl\":\"https:\/\/stagezone.hu\/wp-content\/uploads\/2026\/01\/Adam-Hall_1000x1000-1-1.png\",\"width\":1000,\"height\":1000,\"caption\":\"StageZone\"},\"image\":{\"@id\":\"https:\/\/stagezone.hu\/en\/#\/schema\/logo\/image\/\"},\"sameAs\":[\"https:\/\/www.facebook.com\/stagezonehungary\/\",\"https:\/\/www.instagram.com\/stagezonehungary\/\"]}]}<\/script>\n<!-- \/ Yoast SEO Premium plugin. -->","yoast_head_json":{"title":"SHEHDS Led Strobe 200W RGB Segment Strobe","description":"This is the SHEHDS Led Strobe 200, an RGB segmented strobe light with 960 SMD LEDs and active cooling.","robots":{"index":"index","follow":"follow","max-snippet":"max-snippet:-1","max-image-preview":"max-image-preview:large","max-video-preview":"max-video-preview:-1"},"canonical":"This is the SHEHDS Led Strobe 200, an RGB segmented strobe light with 960 SMD LEDs and active cooling.","og_locale":"en_US","og_type":"article","og_title":"SHEHDS Led Strobe 200W RGB Segment Strobe","og_description":"This is the SHEHDS Led Strobe 200, an RGB segmented strobe light with 960 SMD LEDs and active cooling.","og_url":"https:\/\/stagezone.hu\/en\/product\/shehds-led-strobe-200w-rgb-segment-strobe\/","og_site_name":"StageZone","article_publisher":"https:\/\/www.facebook.com\/stagezonehungary\/","article_modified_time":"2026-05-07T10:36:19+00:00","og_image":[{"width":1000,"height":1000,"url":"https:\/\/stagezone.hu\/wp-content\/uploads\/2024\/05\/1-18.jpg","type":"image\/jpeg"}],"twitter_card":"summary_large_image","twitter_misc":{"Est. reading time":"1 minute"},"schema":{"@context":"https:\/\/schema.org","@graph":[{"@type":"WebPage","@id":"https:\/\/stagezone.hu\/en\/product\/shehds-led-strobe-200w-rgb-segment-strobe\/","url":"https:\/\/stagezone.hu\/en\/product\/shehds-led-strobe-200w-rgb-segment-strobe\/","name":"SHEHDS Led Strobe 200 - StageZone","isPartOf":{"@id":"https:\/\/stagezone.hu\/#website"},"primaryImageOfPage":{"@id":"https:\/\/stagezone.hu\/en\/product\/shehds-led-strobe-200w-rgb-segment-strobe\/#primaryimage"},"image":{"@id":"https:\/\/stagezone.hu\/en\/product\/shehds-led-strobe-200w-rgb-segment-strobe\/#primaryimage"},"thumbnailUrl":"https:\/\/stagezone.hu\/wp-content\/uploads\/2024\/05\/1-18.jpg","datePublished":"2024-05-14T22:32:34+00:00","dateModified":"2026-05-07T10:36:19+00:00","description":"SHEHDS Led Strobe 200 t\u00f6bb szegmenses stroboszk\u00f3p RGB ledekkel, alum\u00ednium h\u00e1zzal, akt\u00edv h\u0171t\u00e9ssel \u00e9s 200W \u00f6sszeteljes\u00edtm\u00e9nnyel.","breadcrumb":{"@id":"https:\/\/stagezone.hu\/en\/product\/shehds-led-strobe-200w-rgb-segment-strobe\/#breadcrumb"},"inLanguage":"en-US","potentialAction":[{"@type":"ReadAction","target":["https:\/\/stagezone.hu\/en\/product\/shehds-led-strobe-200w-rgb-segment-strobe\/"]}]},{"@type":"ImageObject","inLanguage":"en-US","@id":"https:\/\/stagezone.hu\/en\/product\/shehds-led-strobe-200w-rgb-segment-strobe\/#primaryimage","url":"https:\/\/stagezone.hu\/wp-content\/uploads\/2024\/05\/1-18.jpg","contentUrl":"https:\/\/stagezone.hu\/wp-content\/uploads\/2024\/05\/1-18.jpg","width":1000,"height":1000,"caption":"SHEHDS Led Strobe 200"},{"@type":"BreadcrumbList","@id":"https:\/\/stagezone.hu\/en\/product\/shehds-led-strobe-200w-rgb-segment-strobe\/#breadcrumb","itemListElement":[{"@type":"ListItem","position":1,"name":"Kezd\u0151lap","item":"https:\/\/stagezone.hu\/"},{"@type":"ListItem","position":2,"name":"\u00dczlet","item":"https:\/\/stagezone.hu\/uzlet\/"},{"@type":"ListItem","position":3,"name":"SHEHDS Led Strobe 200W RGB Segment Strobe"}]},{"@type":"WebSite","@id":"https:\/\/stagezone.hu\/en\/#website","url":"https:\/\/stagezone.hu\/en\/","name":"StageZone - Ragyogj a Stagezone min\u0151s\u00e9gi f\u00e9nytechnik\u00e1j\u00e1val.","description":"StageZone","publisher":{"@id":"https:\/\/stagezone.hu\/en\/#organization"},"potentialAction":[{"@type":"SearchAction","target":{"@type":"EntryPoint","urlTemplate":"https:\/\/stagezone.hu\/en\/?s={search_term_string}"},"query-input":{"@type":"PropertyValueSpecification","valueRequired":true,"valueName":"search_term_string"}}],"inLanguage":"en-US"},{"@type":"Organization","@id":"https:\/\/stagezone.hu\/en\/#organization","name":"StageZone","url":"https:\/\/stagezone.hu\/en\/","logo":{"@type":"ImageObject","inLanguage":"en-US","@id":"https:\/\/stagezone.hu\/en\/#\/schema\/logo\/image\/","url":"https:\/\/stagezone.hu\/wp-content\/uploads\/2026\/01\/Adam-Hall_1000x1000-1-1.png","contentUrl":"https:\/\/stagezone.hu\/wp-content\/uploads\/2026\/01\/Adam-Hall_1000x1000-1-1.png","width":1000,"height":1000,"caption":"StageZone"},"image":{"@id":"https:\/\/stagezone.hu\/en\/#\/schema\/logo\/image\/"},"sameAs":["https:\/\/www.facebook.com\/stagezonehungary\/","https:\/\/www.instagram.com\/stagezonehungary\/"]}]}},"_links":{"self":[{"href":"https:\/\/stagezone.hu\/en\/wp-json\/wp\/v2\/product\/1012","targetHints":{"allow":["GET"]}}],"collection":[{"href":"https:\/\/stagezone.hu\/en\/wp-json\/wp\/v2\/product"}],"about":[{"href":"https:\/\/stagezone.hu\/en\/wp-json\/wp\/v2\/types\/product"}],"replies":[{"embeddable":true,"href":"https:\/\/stagezone.hu\/en\/wp-json\/wp\/v2\/comments?post=1012"}],"version-history":[{"count":7,"href":"https:\/\/stagezone.hu\/en\/wp-json\/wp\/v2\/product\/1012\/revisions"}],"predecessor-version":[{"id":10181,"href":"https:\/\/stagezone.hu\/en\/wp-json\/wp\/v2\/product\/1012\/revisions\/10181"}],"wp:featuredmedia":[{"embeddable":true,"href":"https:\/\/stagezone.hu\/en\/wp-json\/wp\/v2\/media\/5464"}],"wp:attachment":[{"href":"https:\/\/stagezone.hu\/en\/wp-json\/wp\/v2\/media?parent=1012"}],"wp:term":[{"taxonomy":"product_brand","embeddable":true,"href":"https:\/\/stagezone.hu\/en\/wp-json\/wp\/v2\/product_brand?post=1012"},{"taxonomy":"product_cat","embeddable":true,"href":"https:\/\/stagezone.hu\/en\/wp-json\/wp\/v2\/product_cat?post=1012"},{"taxonomy":"product_tag","embeddable":true,"href":"https:\/\/stagezone.hu\/en\/wp-json\/wp\/v2\/product_tag?post=1012"}],"curies":[{"name":"wp","href":"https:\/\/api.w.org\/{rel}","templated":true}]}}