{"id":10043,"date":"2026-05-06T14:00:24","date_gmt":"2026-05-06T13:00:24","guid":{"rendered":"https:\/\/stagezone.hu\/?post_type=product&#038;p=10043"},"modified":"2026-05-07T12:40:42","modified_gmt":"2026-05-07T11:40:42","slug":"wolfmix-w1-mk3","status":"publish","type":"product","link":"https:\/\/stagezone.hu\/en\/product\/wolfmix-w1-mk3-standalone-dmx-lighting-controller\/","title":{"rendered":"Wolfmix W1 MK3 Standalone DMX Lighting Controller"},"content":{"rendered":"<p><strong>Wolfmix W1 MK3 &#8211; Digital Standalone DMX Lighting Controller<\/strong><\/p>\n<p>The Wolfmix W1 MK3 is a standalone DMX lighting controller that does not require any external drive for operation. With this device, you can say goodbye to computer and tablet-based lighting control. Its ease of use, compact size, and powerful capabilities provide a perfect transition between simple and versatile digital controllers.<\/p>\n<p>Do not let the compact control surface of the Wolfmix W1 MK3 intimidate you. With 37 silicone pads, 4 rotary potentiometers, and a 4.3-inch touchscreen, you can easily control any lighting fixture. The robust ABS plastic housing contains 3 FX modules &#8211; Move, Color, Beam &#8211; which allow you to easily bring your fixtures to life. The W1 can handle up to 4 universes &#8211; 2048 CH &#8211; simultaneously.<\/p>\n<p><strong>No Patching Hassle<\/strong><br \/>\nWith the <a href=\"https:\/\/wolfmix.com\/en\/download\">WTools<\/a> application developed by Wolfmix, you can easily export your fixture configurations. Choose from over 15,000 lights and nearly 1200 brands. Don&#8217;t worry if you can&#8217;t find your specific device. You can easily add your own fixture via the controller and the <a href=\"https:\/\/www.nicolaudiegroup.com\/\">Nicolaude Cloud<\/a>, and save it.<\/p>\n<p><strong>WTools<\/strong><br \/>\nThe WTools application will be the only external software you need during the preparation phase. It allows you to manage your projects, export lights to the device, and plan your desired shows with the 3D visualizer. WTools is available for both Windows and Mac!<\/p>\n<p><strong>Dedicated Buttons<\/strong><br \/>\nOn the right side of the unit, there are 5 dedicated function buttons: Strobe, Blinder, Speed, Blackout, and Smoke. You can easily use these during a show for instant effects. These buttons are also parameterizable, allowing you to customize them to your style.<\/p>\n<ul>\n<li>2 x 3-pin DMX out<\/li>\n<li>2 x 5-pin DMX out<\/li>\n<li>BPM sync<\/li>\n<li>80 Live edits<\/li>\n<li>200 Presets<\/li>\n<li>20 customizable colors<\/li>\n<li>20 positions per group<\/li>\n<li>Project creation<\/li>\n<li>MIDI compatible<\/li>\n<li>Pan\/Tilt inverse<\/li>\n<li>Movement range adjustment<\/li>\n<li>USB-C, USB-A, 3.5 Jack<\/li>\n<\/ul>\n<p><strong>The purchase price of the product includes a free training session and 2 unlocked universes!<\/strong><\/p>\n<p>&nbsp;<\/p>\n<blockquote class=\"tiktok-embed\" cite=\"https:\/\/www.tiktok.com\/@stagezone.hu\/video\/7509144545133858071\" data-video-id=\"7509144545133858071\" data-embed-from=\"oembed\" style=\"max-width:605px; min-width:325px;\">\n<section> <a target=\"_blank\" title=\"@stagezone.hu\" href=\"https:\/\/www.tiktok.com\/@stagezone.hu?refer=embed\">@stagezone.hu<\/a> <\/p>\n<p>Itt az ideje \u00faj\u00edtanod egy kompakt, m\u00e9gis nagyon okos f\u00e9nyvez\u00e9rl\u0151re! A Wolfmix W1 MK2 ide\u00e1lis v\u00e1laszt\u00e1s mobil felhaszn\u00e1l\u00e1sra, kis- \u00e9s k\u00f6zepes rendezv\u00e9nyekre, valamint k\u00f6zepes m\u00e9ret\u0171 install\u00e1ci\u00f3khoz.\ud83d\udd25 <a title=\"stagezone\" target=\"_blank\" href=\"https:\/\/www.tiktok.com\/tag\/stagezone?refer=embed\">#stagezone<\/a> <a title=\"wolfmix\" target=\"_blank\" href=\"https:\/\/www.tiktok.com\/tag\/wolfmix?refer=embed\">#wolfmix<\/a> <a title=\"dmx\" target=\"_blank\" href=\"https:\/\/www.tiktok.com\/tag\/dmx?refer=embed\">#dmx<\/a> <a title=\"fenytechnika\" target=\"_blank\" href=\"https:\/\/www.tiktok.com\/tag\/fenytechnika?refer=embed\">#fenytechnika<\/a> <a title=\"dj\" target=\"_blank\" href=\"https:\/\/www.tiktok.com\/tag\/dj?refer=embed\">#dj<\/a> <a title=\"weddingdj\" target=\"_blank\" href=\"https:\/\/www.tiktok.com\/tag\/weddingdj?refer=embed\">#weddingdj<\/a> <a title=\"hungary\" target=\"_blank\" href=\"https:\/\/www.tiktok.com\/tag\/hungary?refer=embed\">#hungary<\/a> <a title=\"led\" target=\"_blank\" href=\"https:\/\/www.tiktok.com\/tag\/led?refer=embed\">#led<\/a> <a title=\"viralvideos\" target=\"_blank\" href=\"https:\/\/www.tiktok.com\/tag\/viralvideos?refer=embed\">#viralvideos<\/a> <a title=\"fyp\" target=\"_blank\" href=\"https:\/\/www.tiktok.com\/tag\/fyp?refer=embed\">#fyp<\/a> <\/p>\n<p> <a target=\"_blank\" title=\"\u266c GASLIGHT - INJI\" href=\"https:\/\/www.tiktok.com\/music\/GASLIGHT-7086563693013518338?refer=embed\">\u266c GASLIGHT &#8211; INJI<\/a> <\/section>\n<\/blockquote>\n<p> <script async src=\"https:\/\/www.tiktok.com\/embed.js\"><\/script><\/p>\n","protected":false},"excerpt":{"rendered":"<p>Standalone DMX lighting controller with 4.3&#8243; touchscreen, 3 FX modules, and capable of handling up to 4 universes.<\/p>\n","protected":false},"featured_media":10044,"comment_status":"open","ping_status":"closed","template":"","meta":[],"product_brand":[],"product_cat":[539,455],"product_tag":[214,443],"class_list":{"0":"post-10043","1":"product","2":"type-product","3":"status-publish","4":"has-post-thumbnail","6":"product_cat-akcios-termekek","7":"product_cat-vezerlok","8":"product_tag-dmx","9":"product_tag-wolfmix","11":"first","12":"instock","13":"sale","14":"taxable","15":"shipping-taxable","16":"purchasable","17":"product-type-simple"},"yoast_head":"<!-- This site is optimized with the Yoast SEO Premium plugin v27.2 (Yoast SEO v27.2) - https:\/\/yoast.com\/product\/yoast-seo-premium-wordpress\/ -->\n<title>Wolfmix W1 MK3 Standalone DMX Lighting Controller<\/title>\n<meta name=\"description\" content=\"Standalone DMX lighting controller with 4.3&quot; touchscreen, 3 FX modules, and capable of handling up to 4 universes.\" \/>\n<meta name=\"robots\" content=\"index, follow, max-snippet:-1, max-image-preview:large, max-video-preview:-1\" \/>\n<link rel=\"canonical\" href=\"http:\/\/Standalone%20DMX%20lighting%20controller%20with%204.3%20touchscreen,%203%20FX%20modules,%20and%20capable%20of%20handling%20up%20to%204%20universes.\" \/>\n<meta property=\"og:locale\" content=\"en_US\" \/>\n<meta property=\"og:type\" content=\"article\" \/>\n<meta property=\"og:title\" content=\"Wolfmix W1 MK3 Standalone DMX Lighting Controller\" \/>\n<meta property=\"og:description\" content=\"Standalone DMX lighting controller with 4.3&quot; touchscreen, 3 FX modules, and capable of handling up to 4 universes.\" \/>\n<meta property=\"og:url\" content=\"https:\/\/stagezone.hu\/en\/product\/wolfmix-w1-mk3-standalone-dmx-lighting-controller\/\" \/>\n<meta property=\"og:site_name\" content=\"StageZone\" \/>\n<meta property=\"article:publisher\" content=\"https:\/\/www.facebook.com\/stagezonehungary\/\" \/>\n<meta property=\"article:modified_time\" content=\"2026-05-07T11:40:42+00:00\" \/>\n<meta property=\"og:image\" content=\"https:\/\/stagezone.hu\/wp-content\/uploads\/2026\/03\/1-1.png\" \/>\n\t<meta property=\"og:image:width\" content=\"1125\" \/>\n\t<meta property=\"og:image:height\" content=\"1125\" \/>\n\t<meta property=\"og:image:type\" content=\"image\/png\" \/>\n<meta name=\"twitter:card\" content=\"summary_large_image\" \/>\n<meta name=\"twitter:label1\" content=\"Est. reading time\" \/>\n\t<meta name=\"twitter:data1\" content=\"2 minutes\" \/>\n<script type=\"application\/ld+json\" class=\"yoast-schema-graph\">{\"@context\":\"https:\/\/schema.org\",\"@graph\":[{\"@type\":\"WebPage\",\"@id\":\"https:\/\/stagezone.hu\/en\/product\/wolfmix-w1-mk3-standalone-dmx-lighting-controller\/\",\"url\":\"https:\/\/stagezone.hu\/en\/product\/wolfmix-w1-mk3-standalone-dmx-lighting-controller\/\",\"name\":\"Wolfmix W1 MK3 - StageZone\",\"isPartOf\":{\"@id\":\"https:\/\/stagezone.hu\/#website\"},\"primaryImageOfPage\":{\"@id\":\"https:\/\/stagezone.hu\/en\/product\/wolfmix-w1-mk3-standalone-dmx-lighting-controller\/#primaryimage\"},\"image\":{\"@id\":\"https:\/\/stagezone.hu\/en\/product\/wolfmix-w1-mk3-standalone-dmx-lighting-controller\/#primaryimage\"},\"thumbnailUrl\":\"https:\/\/stagezone.hu\/wp-content\/uploads\/2026\/03\/1-1.png\",\"datePublished\":\"2026-05-06T13:00:24+00:00\",\"dateModified\":\"2026-05-07T11:40:42+00:00\",\"description\":\"A Wolfmix W1 MK3 egy digit\u00e1lis standalone DMX f\u00e9nyvez\u00e9rl\u0151 \u00e1tl\u00e1that\u00f3 fel\u00fclettel, 8 grouppal, k\u00f6nnyed kezelhet\u0151s\u00e9ggel \u00e9s ak\u00e1r 4 univerzummal.\",\"breadcrumb\":{\"@id\":\"https:\/\/stagezone.hu\/en\/product\/wolfmix-w1-mk3-standalone-dmx-lighting-controller\/#breadcrumb\"},\"inLanguage\":\"en-US\",\"potentialAction\":[{\"@type\":\"ReadAction\",\"target\":[\"https:\/\/stagezone.hu\/en\/product\/wolfmix-w1-mk3-standalone-dmx-lighting-controller\/\"]}]},{\"@type\":\"ImageObject\",\"inLanguage\":\"en-US\",\"@id\":\"https:\/\/stagezone.hu\/en\/product\/wolfmix-w1-mk3-standalone-dmx-lighting-controller\/#primaryimage\",\"url\":\"https:\/\/stagezone.hu\/wp-content\/uploads\/2026\/03\/1-1.png\",\"contentUrl\":\"https:\/\/stagezone.hu\/wp-content\/uploads\/2026\/03\/1-1.png\",\"width\":1125,\"height\":1125,\"caption\":\"Wolfmix W1 MK3\"},{\"@type\":\"BreadcrumbList\",\"@id\":\"https:\/\/stagezone.hu\/en\/product\/wolfmix-w1-mk3-standalone-dmx-lighting-controller\/#breadcrumb\",\"itemListElement\":[{\"@type\":\"ListItem\",\"position\":1,\"name\":\"Kezd\u0151lap\",\"item\":\"https:\/\/stagezone.hu\/\"},{\"@type\":\"ListItem\",\"position\":2,\"name\":\"\u00dczlet\",\"item\":\"https:\/\/stagezone.hu\/uzlet\/\"},{\"@type\":\"ListItem\",\"position\":3,\"name\":\"Wolfmix W1 MK3 Standalone DMX Lighting Controller\"}]},{\"@type\":\"WebSite\",\"@id\":\"https:\/\/stagezone.hu\/en\/#website\",\"url\":\"https:\/\/stagezone.hu\/en\/\",\"name\":\"StageZone - Ragyogj a Stagezone min\u0151s\u00e9gi f\u00e9nytechnik\u00e1j\u00e1val.\",\"description\":\"StageZone\",\"publisher\":{\"@id\":\"https:\/\/stagezone.hu\/en\/#organization\"},\"potentialAction\":[{\"@type\":\"SearchAction\",\"target\":{\"@type\":\"EntryPoint\",\"urlTemplate\":\"https:\/\/stagezone.hu\/en\/?s={search_term_string}\"},\"query-input\":{\"@type\":\"PropertyValueSpecification\",\"valueRequired\":true,\"valueName\":\"search_term_string\"}}],\"inLanguage\":\"en-US\"},{\"@type\":\"Organization\",\"@id\":\"https:\/\/stagezone.hu\/en\/#organization\",\"name\":\"StageZone\",\"url\":\"https:\/\/stagezone.hu\/en\/\",\"logo\":{\"@type\":\"ImageObject\",\"inLanguage\":\"en-US\",\"@id\":\"https:\/\/stagezone.hu\/en\/#\/schema\/logo\/image\/\",\"url\":\"https:\/\/stagezone.hu\/wp-content\/uploads\/2026\/01\/Adam-Hall_1000x1000-1-1.png\",\"contentUrl\":\"https:\/\/stagezone.hu\/wp-content\/uploads\/2026\/01\/Adam-Hall_1000x1000-1-1.png\",\"width\":1000,\"height\":1000,\"caption\":\"StageZone\"},\"image\":{\"@id\":\"https:\/\/stagezone.hu\/en\/#\/schema\/logo\/image\/\"},\"sameAs\":[\"https:\/\/www.facebook.com\/stagezonehungary\/\",\"https:\/\/www.instagram.com\/stagezonehungary\/\"]}]}<\/script>\n<!-- \/ Yoast SEO Premium plugin. -->","yoast_head_json":{"title":"Wolfmix W1 MK3 Standalone DMX Lighting Controller","description":"Standalone DMX lighting controller with 4.3\" touchscreen, 3 FX modules, and capable of handling up to 4 universes.","robots":{"index":"index","follow":"follow","max-snippet":"max-snippet:-1","max-image-preview":"max-image-preview:large","max-video-preview":"max-video-preview:-1"},"canonical":"Standalone DMX lighting controller with 4.3\" touchscreen, 3 FX modules, and capable of handling up to 4 universes.","og_locale":"en_US","og_type":"article","og_title":"Wolfmix W1 MK3 Standalone DMX Lighting Controller","og_description":"Standalone DMX lighting controller with 4.3\" touchscreen, 3 FX modules, and capable of handling up to 4 universes.","og_url":"https:\/\/stagezone.hu\/en\/product\/wolfmix-w1-mk3-standalone-dmx-lighting-controller\/","og_site_name":"StageZone","article_publisher":"https:\/\/www.facebook.com\/stagezonehungary\/","article_modified_time":"2026-05-07T11:40:42+00:00","og_image":[{"width":1125,"height":1125,"url":"https:\/\/stagezone.hu\/wp-content\/uploads\/2026\/03\/1-1.png","type":"image\/png"}],"twitter_card":"summary_large_image","twitter_misc":{"Est. reading time":"2 minutes"},"schema":{"@context":"https:\/\/schema.org","@graph":[{"@type":"WebPage","@id":"https:\/\/stagezone.hu\/en\/product\/wolfmix-w1-mk3-standalone-dmx-lighting-controller\/","url":"https:\/\/stagezone.hu\/en\/product\/wolfmix-w1-mk3-standalone-dmx-lighting-controller\/","name":"Wolfmix W1 MK3 - StageZone","isPartOf":{"@id":"https:\/\/stagezone.hu\/#website"},"primaryImageOfPage":{"@id":"https:\/\/stagezone.hu\/en\/product\/wolfmix-w1-mk3-standalone-dmx-lighting-controller\/#primaryimage"},"image":{"@id":"https:\/\/stagezone.hu\/en\/product\/wolfmix-w1-mk3-standalone-dmx-lighting-controller\/#primaryimage"},"thumbnailUrl":"https:\/\/stagezone.hu\/wp-content\/uploads\/2026\/03\/1-1.png","datePublished":"2026-05-06T13:00:24+00:00","dateModified":"2026-05-07T11:40:42+00:00","description":"A Wolfmix W1 MK3 egy digit\u00e1lis standalone DMX f\u00e9nyvez\u00e9rl\u0151 \u00e1tl\u00e1that\u00f3 fel\u00fclettel, 8 grouppal, k\u00f6nnyed kezelhet\u0151s\u00e9ggel \u00e9s ak\u00e1r 4 univerzummal.","breadcrumb":{"@id":"https:\/\/stagezone.hu\/en\/product\/wolfmix-w1-mk3-standalone-dmx-lighting-controller\/#breadcrumb"},"inLanguage":"en-US","potentialAction":[{"@type":"ReadAction","target":["https:\/\/stagezone.hu\/en\/product\/wolfmix-w1-mk3-standalone-dmx-lighting-controller\/"]}]},{"@type":"ImageObject","inLanguage":"en-US","@id":"https:\/\/stagezone.hu\/en\/product\/wolfmix-w1-mk3-standalone-dmx-lighting-controller\/#primaryimage","url":"https:\/\/stagezone.hu\/wp-content\/uploads\/2026\/03\/1-1.png","contentUrl":"https:\/\/stagezone.hu\/wp-content\/uploads\/2026\/03\/1-1.png","width":1125,"height":1125,"caption":"Wolfmix W1 MK3"},{"@type":"BreadcrumbList","@id":"https:\/\/stagezone.hu\/en\/product\/wolfmix-w1-mk3-standalone-dmx-lighting-controller\/#breadcrumb","itemListElement":[{"@type":"ListItem","position":1,"name":"Kezd\u0151lap","item":"https:\/\/stagezone.hu\/"},{"@type":"ListItem","position":2,"name":"\u00dczlet","item":"https:\/\/stagezone.hu\/uzlet\/"},{"@type":"ListItem","position":3,"name":"Wolfmix W1 MK3 Standalone DMX Lighting Controller"}]},{"@type":"WebSite","@id":"https:\/\/stagezone.hu\/en\/#website","url":"https:\/\/stagezone.hu\/en\/","name":"StageZone - Ragyogj a Stagezone min\u0151s\u00e9gi f\u00e9nytechnik\u00e1j\u00e1val.","description":"StageZone","publisher":{"@id":"https:\/\/stagezone.hu\/en\/#organization"},"potentialAction":[{"@type":"SearchAction","target":{"@type":"EntryPoint","urlTemplate":"https:\/\/stagezone.hu\/en\/?s={search_term_string}"},"query-input":{"@type":"PropertyValueSpecification","valueRequired":true,"valueName":"search_term_string"}}],"inLanguage":"en-US"},{"@type":"Organization","@id":"https:\/\/stagezone.hu\/en\/#organization","name":"StageZone","url":"https:\/\/stagezone.hu\/en\/","logo":{"@type":"ImageObject","inLanguage":"en-US","@id":"https:\/\/stagezone.hu\/en\/#\/schema\/logo\/image\/","url":"https:\/\/stagezone.hu\/wp-content\/uploads\/2026\/01\/Adam-Hall_1000x1000-1-1.png","contentUrl":"https:\/\/stagezone.hu\/wp-content\/uploads\/2026\/01\/Adam-Hall_1000x1000-1-1.png","width":1000,"height":1000,"caption":"StageZone"},"image":{"@id":"https:\/\/stagezone.hu\/en\/#\/schema\/logo\/image\/"},"sameAs":["https:\/\/www.facebook.com\/stagezonehungary\/","https:\/\/www.instagram.com\/stagezonehungary\/"]}]}},"_links":{"self":[{"href":"https:\/\/stagezone.hu\/en\/wp-json\/wp\/v2\/product\/10043","targetHints":{"allow":["GET"]}}],"collection":[{"href":"https:\/\/stagezone.hu\/en\/wp-json\/wp\/v2\/product"}],"about":[{"href":"https:\/\/stagezone.hu\/en\/wp-json\/wp\/v2\/types\/product"}],"replies":[{"embeddable":true,"href":"https:\/\/stagezone.hu\/en\/wp-json\/wp\/v2\/comments?post=10043"}],"version-history":[{"count":3,"href":"https:\/\/stagezone.hu\/en\/wp-json\/wp\/v2\/product\/10043\/revisions"}],"predecessor-version":[{"id":10305,"href":"https:\/\/stagezone.hu\/en\/wp-json\/wp\/v2\/product\/10043\/revisions\/10305"}],"wp:featuredmedia":[{"embeddable":true,"href":"https:\/\/stagezone.hu\/en\/wp-json\/wp\/v2\/media\/10044"}],"wp:attachment":[{"href":"https:\/\/stagezone.hu\/en\/wp-json\/wp\/v2\/media?parent=10043"}],"wp:term":[{"taxonomy":"product_brand","embeddable":true,"href":"https:\/\/stagezone.hu\/en\/wp-json\/wp\/v2\/product_brand?post=10043"},{"taxonomy":"product_cat","embeddable":true,"href":"https:\/\/stagezone.hu\/en\/wp-json\/wp\/v2\/product_cat?post=10043"},{"taxonomy":"product_tag","embeddable":true,"href":"https:\/\/stagezone.hu\/en\/wp-json\/wp\/v2\/product_tag?post=10043"}],"curies":[{"name":"wp","href":"https:\/\/api.w.org\/{rel}","templated":true}]}}