{"id":4,"date":"2024-11-25T15:39:01","date_gmt":"2024-11-25T15:39:01","guid":{"rendered":"https:\/\/stagezone.hu\/index.php\/cart\/"},"modified":"2025-01-07T10:14:45","modified_gmt":"2025-01-07T10:14:45","slug":"cart","status":"publish","type":"page","link":"https:\/\/stagezone.hu\/en\/cart\/","title":{"rendered":"Cart"},"content":{"rendered":"\n<div data-block-name=\"woocommerce\/cart\" class=\"wp-block-woocommerce-cart alignwide is-loading\">\n<div data-block-name=\"woocommerce\/filled-cart-block\" class=\"wp-block-woocommerce-filled-cart-block\">\n<div data-block-name=\"woocommerce\/cart-items-block\" class=\"wp-block-woocommerce-cart-items-block\">\n<div data-block-name=\"woocommerce\/cart-line-items-block\" class=\"wp-block-woocommerce-cart-line-items-block\"><\/div>\n\n\n\n<div data-block-name=\"woocommerce\/cart-cross-sells-block\" class=\"wp-block-woocommerce-cart-cross-sells-block\">\n<h2 class=\"wp-block-heading has-large-font-size\">You may be interested in\u2026<\/h2>\n\n\n\n<div data-block-name=\"woocommerce\/cart-cross-sells-products-block\" class=\"wp-block-woocommerce-cart-cross-sells-products-block\"><\/div>\n<\/div>\n<\/div>\n\n\n\n<div data-block-name=\"woocommerce\/cart-totals-block\" class=\"wp-block-woocommerce-cart-totals-block\">\n<div data-block-name=\"woocommerce\/cart-order-summary-block\" class=\"wp-block-woocommerce-cart-order-summary-block\">\n<div data-block-name=\"woocommerce\/cart-order-summary-heading-block\" class=\"wp-block-woocommerce-cart-order-summary-heading-block\"><\/div><div data-block-name=\"woocommerce\/cart-order-summary-coupon-form-block\" class=\"wp-block-woocommerce-cart-order-summary-coupon-form-block\"><\/div><div data-block-name=\"woocommerce\/cart-order-summary-totals-block\" class=\"wp-block-woocommerce-cart-order-summary-totals-block\">\n<div data-block-name=\"woocommerce\/cart-order-summary-subtotal-block\" class=\"wp-block-woocommerce-cart-order-summary-subtotal-block\"><\/div>\n<div data-block-name=\"woocommerce\/cart-order-summary-discount-block\" class=\"wp-block-woocommerce-cart-order-summary-discount-block\"><\/div>\n<div data-block-name=\"woocommerce\/cart-order-summary-fee-block\" class=\"wp-block-woocommerce-cart-order-summary-fee-block\"><\/div>\n<div data-block-name=\"woocommerce\/cart-order-summary-shipping-block\" class=\"wp-block-woocommerce-cart-order-summary-shipping-block\"><\/div>\n<div data-block-name=\"woocommerce\/cart-order-summary-taxes-block\" class=\"wp-block-woocommerce-cart-order-summary-taxes-block\"><\/div><\/div>\n<\/div>\n\n\n\n<div data-block-name=\"woocommerce\/cart-express-payment-block\" class=\"wp-block-woocommerce-cart-express-payment-block\"><\/div>\n\n\n\n<div data-block-name=\"woocommerce\/proceed-to-checkout-block\" class=\"wp-block-woocommerce-proceed-to-checkout-block\"><\/div>\n\n\n\n<div data-block-name=\"woocommerce\/cart-accepted-payment-methods-block\" class=\"wp-block-woocommerce-cart-accepted-payment-methods-block\"><\/div>\n<\/div>\n<\/div>\n\n\n\n<div data-block-name=\"woocommerce\/empty-cart-block\" class=\"wp-block-woocommerce-empty-cart-block\">\n<h2 class=\"wp-block-heading has-text-align-center with-empty-cart-icon wc-block-cart__empty-cart__title\">Your cart is currently empty!<\/h2>\n\n\n\n<hr class=\"wp-block-separator has-alpha-channel-opacity is-style-dots\"\/>\n\n\n\n<h2 class=\"wp-block-heading has-text-align-center\">New in store<\/h2>\n\n\n<div data-block-name=\"woocommerce\/product-new\" data-columns=\"4\" data-rows=\"1\" class=\"wc-block-grid wp-block-product-new wp-block-woocommerce-product-new wc-block-product-new has-4-columns\"><ul class=\"wc-block-grid__products\"><li class=\"wc-block-grid__product\">\n\t\t\t\t<a href=\"https:\/\/stagezone.hu\/en\/product\/wolfmix-w1-mk3-standalone-dmx-lighting-controller\/\" class=\"wc-block-grid__product-link\">\n\t\t\t\t\t<div class=\"wc-block-grid__product-image\"><img fetchpriority=\"high\" decoding=\"async\" width=\"400\" height=\"400\" src=\"https:\/\/stagezone.hu\/wp-content\/uploads\/2026\/03\/1-1-400x400.png\" class=\"attachment-woocommerce_thumbnail size-woocommerce_thumbnail\" alt=\"Wolfmix W1 MK3\" srcset=\"https:\/\/stagezone.hu\/wp-content\/uploads\/2026\/03\/1-1-400x400.png 400w, https:\/\/stagezone.hu\/wp-content\/uploads\/2026\/03\/1-1-500x500.png 500w, https:\/\/stagezone.hu\/wp-content\/uploads\/2026\/03\/1-1-300x300.png 300w, https:\/\/stagezone.hu\/wp-content\/uploads\/2026\/03\/1-1-768x768.png 768w, https:\/\/stagezone.hu\/wp-content\/uploads\/2026\/03\/1-1-150x150.png 150w, https:\/\/stagezone.hu\/wp-content\/uploads\/2026\/03\/1-1-75x75.png 75w, https:\/\/stagezone.hu\/wp-content\/uploads\/2026\/03\/1-1-700x700.png 700w, https:\/\/stagezone.hu\/wp-content\/uploads\/2026\/03\/1-1.png 1125w\" sizes=\"(max-width:767px) 400px, 400px\" \/><\/div>\n\t\t\t\t\t<div class=\"wc-block-grid__product-title\">Wolfmix W1 MK3 Standalone DMX Lighting Controller<\/div>\n\t\t\t\t<\/a>\n\t\t\t\t<div class=\"wc-block-grid__product-onsale\">\n\t\t\t<span aria-hidden=\"true\">Sale<\/span>\n\t\t\t<span class=\"screen-reader-text\">Product on sale<\/span>\n\t\t<\/div>\n\t\t\t\t<div class=\"wc-block-grid__product-price price\"><del aria-hidden=\"true\"><span class=\"woocommerce-Price-amount amount\">319 990&nbsp;<span class=\"woocommerce-Price-currencySymbol\">&#070;&#116;<\/span><\/span><\/del> <span class=\"screen-reader-text\">Original price was: 319 990&nbsp;&#070;&#116;.<\/span><ins aria-hidden=\"true\"><span class=\"woocommerce-Price-amount amount\">310 000&nbsp;<span class=\"woocommerce-Price-currencySymbol\">&#070;&#116;<\/span><\/span><\/ins><span class=\"screen-reader-text\">Current price is: 310 000&nbsp;&#070;&#116;.<\/span><\/div>\n\t\t\t\t\n\t\t\t\t<span class=\"availability_date\">A term\u00e9k megjelen\u00e9se v\u00e1rhat\u00f3an: 2026 May 20. El\u0151rendelhet\u0151!<\/span>\n\t\t\t\t<div class=\"wp-block-button wc-block-grid__product-add-to-cart\"><a href=\"\/en\/wp-json\/wp\/v2\/pages\/4?add-to-cart=10043\" aria-label=\"El\u0151rendelem MOST: &ldquo;Wolfmix W1 MK3 Standalone DMX Lighting Controller&rdquo;\" data-quantity=\"1\" data-product_id=\"10043\" data-product_sku=\"\" data-price=\"310000\" rel=\"nofollow\" class=\"wp-block-button__link  add_to_cart_button ajax_add_to_cart\">El\u0151rendelem MOST<\/a><\/div>\n\t\t\t<\/li><li class=\"wc-block-grid__product\">\n\t\t\t\t<a href=\"https:\/\/stagezone.hu\/en\/product\/shehds-led-bsw-300-beam-spot-wash-moving-head-light\/\" class=\"wc-block-grid__product-link\">\n\t\t\t\t\t<div class=\"wc-block-grid__product-image\"><img decoding=\"async\" width=\"400\" height=\"400\" src=\"https:\/\/stagezone.hu\/wp-content\/uploads\/2026\/04\/1-400x400.jpg\" class=\"attachment-woocommerce_thumbnail size-woocommerce_thumbnail\" alt=\"SHEHDS Led BSW 300\" srcset=\"https:\/\/stagezone.hu\/wp-content\/uploads\/2026\/04\/1-400x400.jpg 400w, https:\/\/stagezone.hu\/wp-content\/uploads\/2026\/04\/1-500x500.jpg 500w, https:\/\/stagezone.hu\/wp-content\/uploads\/2026\/04\/1-300x300.jpg 300w, https:\/\/stagezone.hu\/wp-content\/uploads\/2026\/04\/1-768x768.jpg 768w, https:\/\/stagezone.hu\/wp-content\/uploads\/2026\/04\/1-150x150.jpg 150w, https:\/\/stagezone.hu\/wp-content\/uploads\/2026\/04\/1-75x75.jpg 75w, https:\/\/stagezone.hu\/wp-content\/uploads\/2026\/04\/1-700x700.jpg 700w, https:\/\/stagezone.hu\/wp-content\/uploads\/2026\/04\/1.jpg 1000w\" sizes=\"(max-width:767px) 400px, 400px\" \/><\/div>\n\t\t\t\t\t<div class=\"wc-block-grid__product-title\">SHEHDS Led BSW 300 Beam\/Spot\/Wash Moving Head Light<\/div>\n\t\t\t\t<\/a>\n\t\t\t\t\n\t\t\t\t<div class=\"wc-block-grid__product-price price\"><span class=\"woocommerce-Price-amount amount\">245 990&nbsp;<span class=\"woocommerce-Price-currencySymbol\">&#070;&#116;<\/span><\/span><\/div>\n\t\t\t\t\n\t\t\t\t\n\t\t\t\t<div class=\"wp-block-button wc-block-grid__product-add-to-cart\"><a href=\"\/en\/wp-json\/wp\/v2\/pages\/4?add-to-cart=10624\" aria-label=\"Add to cart: &ldquo;SHEHDS Led BSW 300 Beam\/Spot\/Wash Moving Head Light&rdquo;\" data-quantity=\"1\" data-product_id=\"10624\" data-product_sku=\"STGZ-GALAXY300B\" data-price=\"245990\" rel=\"nofollow\" class=\"wp-block-button__link  add_to_cart_button ajax_add_to_cart\">Add to cart<\/a><\/div>\n\t\t\t<\/li><li class=\"wc-block-grid__product\">\n\t\t\t\t<a href=\"https:\/\/stagezone.hu\/en\/product\/magicfx-baseplate-ii\/\" class=\"wc-block-grid__product-link\">\n\t\t\t\t\t<div class=\"wc-block-grid__product-image\"><img decoding=\"async\" width=\"400\" height=\"400\" src=\"https:\/\/stagezone.hu\/wp-content\/uploads\/2026\/04\/1-400x400.png\" class=\"attachment-woocommerce_thumbnail size-woocommerce_thumbnail\" alt=\"MagicFX Baseplate II\" srcset=\"https:\/\/stagezone.hu\/wp-content\/uploads\/2026\/04\/1-400x400.png 400w, https:\/\/stagezone.hu\/wp-content\/uploads\/2026\/04\/1-500x500.png 500w, https:\/\/stagezone.hu\/wp-content\/uploads\/2026\/04\/1-300x300.png 300w, https:\/\/stagezone.hu\/wp-content\/uploads\/2026\/04\/1-768x768.png 768w, https:\/\/stagezone.hu\/wp-content\/uploads\/2026\/04\/1-150x150.png 150w, https:\/\/stagezone.hu\/wp-content\/uploads\/2026\/04\/1-75x75.png 75w, https:\/\/stagezone.hu\/wp-content\/uploads\/2026\/04\/1-700x700.png 700w, https:\/\/stagezone.hu\/wp-content\/uploads\/2026\/04\/1.png 1000w\" sizes=\"(max-width:767px) 400px, 400px\" \/><\/div>\n\t\t\t\t\t<div class=\"wc-block-grid__product-title\">MagicFX Baseplate II<\/div>\n\t\t\t\t<\/a>\n\t\t\t\t\n\t\t\t\t<div class=\"wc-block-grid__product-price price\"><span class=\"woocommerce-Price-amount amount\">79 990&nbsp;<span class=\"woocommerce-Price-currencySymbol\">&#070;&#116;<\/span><\/span><\/div>\n\t\t\t\t\n\t\t\t\t\n\t\t\t\t<div class=\"wp-block-button wc-block-grid__product-add-to-cart\"><a href=\"\/en\/wp-json\/wp\/v2\/pages\/4?add-to-cart=10321\" aria-label=\"Add to cart: &ldquo;MagicFX Baseplate II&rdquo;\" data-quantity=\"1\" data-product_id=\"10321\" data-product_sku=\"MFX0305\" data-price=\"79990\" rel=\"nofollow\" class=\"wp-block-button__link  add_to_cart_button ajax_add_to_cart\">Add to cart<\/a><\/div>\n\t\t\t<\/li><li class=\"wc-block-grid__product\">\n\t\t\t\t<a href=\"https:\/\/stagezone.hu\/en\/product\/magicfx-baseplate-i\/\" class=\"wc-block-grid__product-link\">\n\t\t\t\t\t<div class=\"wc-block-grid__product-image\"><img loading=\"lazy\" decoding=\"async\" width=\"400\" height=\"400\" src=\"https:\/\/stagezone.hu\/wp-content\/uploads\/2026\/04\/Adam-Hall_1000x1000-400x400.png\" class=\"attachment-woocommerce_thumbnail size-woocommerce_thumbnail\" alt=\"MagicFX Baseplate I\" srcset=\"https:\/\/stagezone.hu\/wp-content\/uploads\/2026\/04\/Adam-Hall_1000x1000-400x400.png 400w, https:\/\/stagezone.hu\/wp-content\/uploads\/2026\/04\/Adam-Hall_1000x1000-500x500.png 500w, https:\/\/stagezone.hu\/wp-content\/uploads\/2026\/04\/Adam-Hall_1000x1000-300x300.png 300w, https:\/\/stagezone.hu\/wp-content\/uploads\/2026\/04\/Adam-Hall_1000x1000-768x768.png 768w, https:\/\/stagezone.hu\/wp-content\/uploads\/2026\/04\/Adam-Hall_1000x1000-150x150.png 150w, https:\/\/stagezone.hu\/wp-content\/uploads\/2026\/04\/Adam-Hall_1000x1000-75x75.png 75w, https:\/\/stagezone.hu\/wp-content\/uploads\/2026\/04\/Adam-Hall_1000x1000-700x700.png 700w, https:\/\/stagezone.hu\/wp-content\/uploads\/2026\/04\/Adam-Hall_1000x1000.png 1000w\" sizes=\"(max-width:767px) 400px, 400px\" \/><\/div>\n\t\t\t\t\t<div class=\"wc-block-grid__product-title\">MagicFX Baseplate I<\/div>\n\t\t\t\t<\/a>\n\t\t\t\t\n\t\t\t\t<div class=\"wc-block-grid__product-price price\"><span class=\"woocommerce-Price-amount amount\">29 990&nbsp;<span class=\"woocommerce-Price-currencySymbol\">&#070;&#116;<\/span><\/span><\/div>\n\t\t\t\t\n\t\t\t\t\n\t\t\t\t<div class=\"wp-block-button wc-block-grid__product-add-to-cart\"><a href=\"\/en\/wp-json\/wp\/v2\/pages\/4?add-to-cart=10319\" aria-label=\"Add to cart: &ldquo;MagicFX Baseplate I&rdquo;\" data-quantity=\"1\" data-product_id=\"10319\" data-product_sku=\"MFX0303\" data-price=\"29990\" rel=\"nofollow\" class=\"wp-block-button__link  add_to_cart_button ajax_add_to_cart\">Add to cart<\/a><\/div>\n\t\t\t<\/li><\/ul><\/div><\/div>\n<\/div>\n","protected":false},"excerpt":{"rendered":"<p>You may be interested in\u2026 Your cart is currently empty! New in store<\/p>\n","protected":false},"author":4,"featured_media":0,"parent":0,"menu_order":0,"comment_status":"open","ping_status":"closed","template":"","meta":{"footnotes":""},"class_list":["post-4","page","type-page","status-publish","hentry"],"yoast_head":"<!-- This site is optimized with the Yoast SEO Premium plugin v27.2 (Yoast SEO v27.2) - https:\/\/yoast.com\/product\/yoast-seo-premium-wordpress\/ -->\n<title>Cart<\/title>\n<meta name=\"description\" content=\"You may be interested in\u2026 Your cart is currently empty! New in store\" \/>\n<meta name=\"robots\" content=\"index, follow, max-snippet:-1, max-image-preview:large, max-video-preview:-1\" \/>\n<link rel=\"canonical\" href=\"http:\/\/You%20may%20be%20interested%20in\u2026%20Your%20cart%20is%20currently%20empty!%20New%20in%20store\" \/>\n<meta property=\"og:locale\" content=\"en_US\" \/>\n<meta property=\"og:type\" content=\"article\" \/>\n<meta property=\"og:title\" content=\"Cart\" \/>\n<meta property=\"og:description\" content=\"You may be interested in\u2026 Your cart is currently empty! New in store\" \/>\n<meta property=\"og:url\" content=\"https:\/\/stagezone.hu\/en\/cart\/\" \/>\n<meta property=\"og:site_name\" content=\"StageZone\" \/>\n<meta property=\"article:publisher\" content=\"https:\/\/www.facebook.com\/stagezonehungary\/\" \/>\n<meta property=\"article:modified_time\" content=\"2025-01-07T10:14:45+00:00\" \/>\n<meta name=\"twitter:card\" content=\"summary_large_image\" \/>\n<script type=\"application\/ld+json\" class=\"yoast-schema-graph\">{\"@context\":\"https:\/\/schema.org\",\"@graph\":[{\"@type\":\"WebPage\",\"@id\":\"https:\/\/stagezone.hu\/en\/cart\/\",\"url\":\"https:\/\/stagezone.hu\/en\/cart\/\",\"name\":\"Cart - StageZone\",\"isPartOf\":{\"@id\":\"https:\/\/stagezone.hu\/#website\"},\"datePublished\":\"2024-11-25T15:39:01+00:00\",\"dateModified\":\"2025-01-07T10:14:45+00:00\",\"breadcrumb\":{\"@id\":\"https:\/\/stagezone.hu\/en\/cart\/#breadcrumb\"},\"inLanguage\":\"en-US\",\"potentialAction\":[{\"@type\":\"ReadAction\",\"target\":[\"https:\/\/stagezone.hu\/en\/cart\/\"]}]},{\"@type\":\"BreadcrumbList\",\"@id\":\"https:\/\/stagezone.hu\/en\/cart\/#breadcrumb\",\"itemListElement\":[{\"@type\":\"ListItem\",\"position\":1,\"name\":\"Kezd\u0151lap\",\"item\":\"https:\/\/stagezone.hu\/\"},{\"@type\":\"ListItem\",\"position\":2,\"name\":\"Cart\"}]},{\"@type\":\"WebSite\",\"@id\":\"https:\/\/stagezone.hu\/en\/#website\",\"url\":\"https:\/\/stagezone.hu\/en\/\",\"name\":\"StageZone - Ragyogj a Stagezone min\u0151s\u00e9gi f\u00e9nytechnik\u00e1j\u00e1val.\",\"description\":\"StageZone\",\"publisher\":{\"@id\":\"https:\/\/stagezone.hu\/en\/#organization\"},\"potentialAction\":[{\"@type\":\"SearchAction\",\"target\":{\"@type\":\"EntryPoint\",\"urlTemplate\":\"https:\/\/stagezone.hu\/en\/?s={search_term_string}\"},\"query-input\":{\"@type\":\"PropertyValueSpecification\",\"valueRequired\":true,\"valueName\":\"search_term_string\"}}],\"inLanguage\":\"en-US\"},{\"@type\":\"Organization\",\"@id\":\"https:\/\/stagezone.hu\/en\/#organization\",\"name\":\"StageZone\",\"url\":\"https:\/\/stagezone.hu\/en\/\",\"logo\":{\"@type\":\"ImageObject\",\"inLanguage\":\"en-US\",\"@id\":\"https:\/\/stagezone.hu\/en\/#\/schema\/logo\/image\/\",\"url\":\"https:\/\/stagezone.hu\/wp-content\/uploads\/2026\/01\/Adam-Hall_1000x1000-1-1.png\",\"contentUrl\":\"https:\/\/stagezone.hu\/wp-content\/uploads\/2026\/01\/Adam-Hall_1000x1000-1-1.png\",\"width\":1000,\"height\":1000,\"caption\":\"StageZone\"},\"image\":{\"@id\":\"https:\/\/stagezone.hu\/en\/#\/schema\/logo\/image\/\"},\"sameAs\":[\"https:\/\/www.facebook.com\/stagezonehungary\/\",\"https:\/\/www.instagram.com\/stagezonehungary\/\"]}]}<\/script>\n<!-- \/ Yoast SEO Premium plugin. -->","yoast_head_json":{"title":"Cart","description":"You may be interested in\u2026 Your cart is currently empty! New in store","robots":{"index":"index","follow":"follow","max-snippet":"max-snippet:-1","max-image-preview":"max-image-preview:large","max-video-preview":"max-video-preview:-1"},"canonical":"You may be interested in\u2026 Your cart is currently empty! New in store","og_locale":"en_US","og_type":"article","og_title":"Cart","og_description":"You may be interested in\u2026 Your cart is currently empty! New in store","og_url":"https:\/\/stagezone.hu\/en\/cart\/","og_site_name":"StageZone","article_publisher":"https:\/\/www.facebook.com\/stagezonehungary\/","article_modified_time":"2025-01-07T10:14:45+00:00","twitter_card":"summary_large_image","schema":{"@context":"https:\/\/schema.org","@graph":[{"@type":"WebPage","@id":"https:\/\/stagezone.hu\/en\/cart\/","url":"https:\/\/stagezone.hu\/en\/cart\/","name":"Cart - StageZone","isPartOf":{"@id":"https:\/\/stagezone.hu\/#website"},"datePublished":"2024-11-25T15:39:01+00:00","dateModified":"2025-01-07T10:14:45+00:00","breadcrumb":{"@id":"https:\/\/stagezone.hu\/en\/cart\/#breadcrumb"},"inLanguage":"en-US","potentialAction":[{"@type":"ReadAction","target":["https:\/\/stagezone.hu\/en\/cart\/"]}]},{"@type":"BreadcrumbList","@id":"https:\/\/stagezone.hu\/en\/cart\/#breadcrumb","itemListElement":[{"@type":"ListItem","position":1,"name":"Kezd\u0151lap","item":"https:\/\/stagezone.hu\/"},{"@type":"ListItem","position":2,"name":"Cart"}]},{"@type":"WebSite","@id":"https:\/\/stagezone.hu\/en\/#website","url":"https:\/\/stagezone.hu\/en\/","name":"StageZone - Ragyogj a Stagezone min\u0151s\u00e9gi f\u00e9nytechnik\u00e1j\u00e1val.","description":"StageZone","publisher":{"@id":"https:\/\/stagezone.hu\/en\/#organization"},"potentialAction":[{"@type":"SearchAction","target":{"@type":"EntryPoint","urlTemplate":"https:\/\/stagezone.hu\/en\/?s={search_term_string}"},"query-input":{"@type":"PropertyValueSpecification","valueRequired":true,"valueName":"search_term_string"}}],"inLanguage":"en-US"},{"@type":"Organization","@id":"https:\/\/stagezone.hu\/en\/#organization","name":"StageZone","url":"https:\/\/stagezone.hu\/en\/","logo":{"@type":"ImageObject","inLanguage":"en-US","@id":"https:\/\/stagezone.hu\/en\/#\/schema\/logo\/image\/","url":"https:\/\/stagezone.hu\/wp-content\/uploads\/2026\/01\/Adam-Hall_1000x1000-1-1.png","contentUrl":"https:\/\/stagezone.hu\/wp-content\/uploads\/2026\/01\/Adam-Hall_1000x1000-1-1.png","width":1000,"height":1000,"caption":"StageZone"},"image":{"@id":"https:\/\/stagezone.hu\/en\/#\/schema\/logo\/image\/"},"sameAs":["https:\/\/www.facebook.com\/stagezonehungary\/","https:\/\/www.instagram.com\/stagezonehungary\/"]}]}},"_links":{"self":[{"href":"https:\/\/stagezone.hu\/en\/wp-json\/wp\/v2\/pages\/4","targetHints":{"allow":["GET"]}}],"collection":[{"href":"https:\/\/stagezone.hu\/en\/wp-json\/wp\/v2\/pages"}],"about":[{"href":"https:\/\/stagezone.hu\/en\/wp-json\/wp\/v2\/types\/page"}],"author":[{"embeddable":true,"href":"https:\/\/stagezone.hu\/en\/wp-json\/wp\/v2\/users\/4"}],"replies":[{"embeddable":true,"href":"https:\/\/stagezone.hu\/en\/wp-json\/wp\/v2\/comments?post=4"}],"version-history":[{"count":0,"href":"https:\/\/stagezone.hu\/en\/wp-json\/wp\/v2\/pages\/4\/revisions"}],"wp:attachment":[{"href":"https:\/\/stagezone.hu\/en\/wp-json\/wp\/v2\/media?parent=4"}],"curies":[{"name":"wp","href":"https:\/\/api.w.org\/{rel}","templated":true}]}}